{"id":258569,"date":"2025-12-14T21:12:15","date_gmt":"2025-12-15T00:12:15","guid":{"rendered":"https:\/\/www.stratbridge.net\/?page_id=258569"},"modified":"2026-01-05T22:47:05","modified_gmt":"2026-01-06T01:47:05","slug":"subscription","status":"publish","type":"page","link":"https:\/\/www.stratbridge.net\/es\/subscription\/","title":{"rendered":"Subscription"},"content":{"rendered":"<div data-elementor-type=\"wp-page\" data-elementor-id=\"258569\" class=\"elementor elementor-258569\">\n\t\t\t\t<div class=\"elementor-element elementor-element-7b08d729 e-flex e-con-boxed wpr-particle-no wpr-jarallax-no wpr-parallax-no wpr-sticky-section-no e-con e-parent\" data-id=\"7b08d729\" data-element_type=\"container\" data-e-type=\"container\" data-settings=\"{&quot;background_background&quot;:&quot;classic&quot;}\">\n\t\t\t\t\t<div class=\"e-con-inner\">\n\t\t\t\t<div class=\"elementor-element elementor-element-593be9eb rtmkit-blur-effect-enabled elementor-widget elementor-widget-heading\" data-id=\"593be9eb\" data-element_type=\"widget\" data-e-type=\"widget\" data-widget_type=\"heading.default\">\n\t\t\t\t\t<h6 class=\"elementor-heading-title elementor-size-default\">SUSCRIPCIONES<\/h6>\t\t\t\t<\/div>\n\t\t\t\t<div class=\"elementor-element elementor-element-ca4390c elementor-widget__width-initial elementor-widget elementor-widget-heading\" data-id=\"ca4390c\" data-element_type=\"widget\" data-e-type=\"widget\" data-widget_type=\"heading.default\">\n\t\t\t\t\t<h2 class=\"elementor-heading-title elementor-size-default\">StratBridge Subscription Plans\n<\/h2>\t\t\t\t<\/div>\n\t\t\t\t<div class=\"elementor-element elementor-element-485edf1c elementor-widget elementor-widget-text-editor\" data-id=\"485edf1c\" data-element_type=\"widget\" data-e-type=\"widget\" data-widget_type=\"text-editor.default\">\n\t\t\t\t\t\t\t\t\t<p><a href=\"https:\/\/www.stratbridge.net\/es\/home\/\">INICIO <\/a>&#8211; SUBSCRIPTIONS<\/p>\t\t\t\t\t\t\t\t<\/div>\n\t\t\t\t\t<\/div>\n\t\t\t\t<\/div>\n\t\t<div class=\"elementor-element elementor-element-7e0bb898 e-flex e-con-boxed wpr-particle-no wpr-jarallax-no wpr-parallax-no wpr-sticky-section-no e-con e-parent\" data-id=\"7e0bb898\" data-element_type=\"container\" data-e-type=\"container\" data-settings=\"{&quot;background_background&quot;:&quot;classic&quot;}\">\n\t\t\t\t\t<div class=\"e-con-inner\">\n\t\t\t\t<div class=\"elementor-element elementor-element-58de6b2a elementor-widget elementor-widget-heading\" data-id=\"58de6b2a\" data-element_type=\"widget\" data-e-type=\"widget\" data-widget_type=\"heading.default\">\n\t\t\t\t\t<h6 class=\"elementor-heading-title elementor-size-default\">SUBSCRIPTIONS PLANS<\/h6>\t\t\t\t<\/div>\n\t\t\t\t<div class=\"elementor-element elementor-element-3e3056a0 elementor-widget__width-initial elementor-widget elementor-widget-heading\" data-id=\"3e3056a0\" data-element_type=\"widget\" data-e-type=\"widget\" data-widget_type=\"heading.default\">\n\t\t\t\t\t<h3 class=\"elementor-heading-title elementor-size-default\">The perfect plan for your needs<\/h3>\t\t\t\t<\/div>\n\t\t\t\t<div class=\"elementor-element elementor-element-5fba4b1a elementor-widget__width-initial elementor-widget elementor-widget-text-editor\" data-id=\"5fba4b1a\" data-element_type=\"widget\" data-e-type=\"widget\" data-widget_type=\"text-editor.default\">\n\t\t\t\t\t\t\t\t\t<p><span style=\"font-weight: 400;\">StratBridge offers a professional platform that centralizes key defense information in Latin America: investment priorities, modernization programs, industrial partners, acquisitions, and emerging projects.<\/span><\/p><p><span style=\"font-weight: 400;\">Everything is structured within a precise, easy-to-use analytical interface.<\/span><span style=\"font-weight: 400;\"><br \/><\/span><span style=\"font-weight: 400;\">Our subscription plans provide full access to verified intelligence, continuous updates, and tools designed to support strategic analysis and decision-making<\/span><\/p>\t\t\t\t\t\t\t\t<\/div>\n\t\t<div class=\"elementor-element elementor-element-166242b5 e-con-full e-flex wpr-particle-no wpr-jarallax-no wpr-parallax-no wpr-sticky-section-no e-con e-child\" data-id=\"166242b5\" data-element_type=\"container\" data-e-type=\"container\">\n\t\t<div class=\"elementor-element elementor-element-3994c0c3 e-con-full rtmkit-blur-effect-enabled e-flex wpr-particle-no wpr-jarallax-no wpr-parallax-no wpr-sticky-section-no e-con e-child\" data-id=\"3994c0c3\" data-element_type=\"container\" data-e-type=\"container\" data-settings=\"{&quot;background_background&quot;:&quot;classic&quot;}\">\n\t\t\t\t<div class=\"elementor-element elementor-element-da30e4e elementor-widget elementor-widget-heading\" data-id=\"da30e4e\" data-element_type=\"widget\" data-e-type=\"widget\" data-widget_type=\"heading.default\">\n\t\t\t\t\t<h5 class=\"elementor-heading-title elementor-size-default\">Plan Semestral<\/h5>\t\t\t\t<\/div>\n\t\t<div class=\"elementor-element elementor-element-3afa775c e-con-full e-flex wpr-particle-no wpr-jarallax-no wpr-parallax-no wpr-sticky-section-no e-con e-child\" data-id=\"3afa775c\" data-element_type=\"container\" data-e-type=\"container\">\n\t\t\t\t<div class=\"elementor-element elementor-element-fc7a9a3 elementor-widget elementor-widget-heading\" data-id=\"fc7a9a3\" data-element_type=\"widget\" data-e-type=\"widget\" data-widget_type=\"heading.default\">\n\t\t\t\t\t<h2 class=\"elementor-heading-title elementor-size-default\">250 USD<\/h2>\t\t\t\t<\/div>\n\t\t\t\t<div class=\"elementor-element elementor-element-685b85c1 elementor-widget elementor-widget-heading\" data-id=\"685b85c1\" data-element_type=\"widget\" data-e-type=\"widget\" data-widget_type=\"heading.default\">\n\t\t\t\t\t<h6 class=\"elementor-heading-title elementor-size-default\">\/ every 6 months<\/h6>\t\t\t\t<\/div>\n\t\t\t\t<\/div>\n\t\t\t\t<div class=\"elementor-element elementor-element-a6680cd elementor-icon-list--layout-traditional elementor-list-item-link-full_width elementor-widget elementor-widget-icon-list\" data-id=\"a6680cd\" data-element_type=\"widget\" data-e-type=\"widget\" data-widget_type=\"icon-list.default\">\n\t\t\t\t\t\t\t<ul class=\"elementor-icon-list-items\">\n\t\t\t\t\t\t\t<li class=\"elementor-icon-list-item\">\n\t\t\t\t\t\t\t\t\t\t\t<span class=\"elementor-icon-list-icon\">\n\t\t\t\t\t\t\t<i aria-hidden=\"true\" class=\"rtmicon rtmicon-circle-check\"><\/i>\t\t\t\t\t\t<\/span>\n\t\t\t\t\t\t\t\t\t\t<span class=\"elementor-icon-list-text\">Informe estrat\u00e9gico semanal (PDF) incluido<\/span>\n\t\t\t\t\t\t\t\t\t<\/li>\n\t\t\t\t\t\t\t\t<li class=\"elementor-icon-list-item\">\n\t\t\t\t\t\t\t\t\t\t\t<span class=\"elementor-icon-list-icon\">\n\t\t\t\t\t\t\t<i aria-hidden=\"true\" class=\"rtmicon rtmicon-circle-check\"><\/i>\t\t\t\t\t\t<\/span>\n\t\t\t\t\t\t\t\t\t\t<span class=\"elementor-icon-list-text\">Asistencia Premium<\/span>\n\t\t\t\t\t\t\t\t\t<\/li>\n\t\t\t\t\t\t\t\t<li class=\"elementor-icon-list-item\">\n\t\t\t\t\t\t\t\t\t\t\t<span class=\"elementor-icon-list-icon\">\n\t\t\t\t\t\t\t<i aria-hidden=\"true\" class=\"rtmicon rtmicon-circle-check\"><\/i>\t\t\t\t\t\t<\/span>\n\t\t\t\t\t\t\t\t\t\t<span class=\"elementor-icon-list-text\">Acceso completo a nuestro panel de informaci\u00f3n<\/span>\n\t\t\t\t\t\t\t\t\t<\/li>\n\t\t\t\t\t\t\t\t<li class=\"elementor-icon-list-item\">\n\t\t\t\t\t\t\t\t\t\t\t<span class=\"elementor-icon-list-icon\">\n\t\t\t\t\t\t\t<i aria-hidden=\"true\" class=\"rtmicon rtmicon-circle-check\"><\/i>\t\t\t\t\t\t<\/span>\n\t\t\t\t\t\t\t\t\t\t<span class=\"elementor-icon-list-text\">Servicios de asesor\u00eda y consultor\u00eda v\u00eda videollamada en temas de defensa y seguridad<\/span>\n\t\t\t\t\t\t\t\t\t<\/li>\n\t\t\t\t\t\t\t\t<li class=\"elementor-icon-list-item\">\n\t\t\t\t\t\t\t\t\t\t\t<span class=\"elementor-icon-list-icon\">\n\t\t\t\t\t\t\t<i aria-hidden=\"true\" class=\"rtmicon rtmicon-circle-check\"><\/i>\t\t\t\t\t\t<\/span>\n\t\t\t\t\t\t\t\t\t\t<span class=\"elementor-icon-list-text\">Acceso a art\u00edculos exclusivos de StratBridge<\/span>\n\t\t\t\t\t\t\t\t\t<\/li>\n\t\t\t\t\t\t\t\t<li class=\"elementor-icon-list-item\">\n\t\t\t\t\t\t\t\t\t\t\t<span class=\"elementor-icon-list-icon\">\n\t\t\t\t\t\t\t<i aria-hidden=\"true\" class=\"rtmicon rtmicon-circle-check\"><\/i>\t\t\t\t\t\t<\/span>\n\t\t\t\t\t\t\t\t\t\t<span class=\"elementor-icon-list-text\">Acceso al dossier de publicaciones: <br> - Anuario Argentina\/Brasil <br> - Observatorio de Capacidades de Am\u00e9rica Latina e Ib\u00e9rica <br> - Anuario de Ferias Internacionales <\/span>\n\t\t\t\t\t\t\t\t\t<\/li>\n\t\t\t\t\t\t\t\t<li class=\"elementor-icon-list-item\">\n\t\t\t\t\t\t\t\t\t\t\t<span class=\"elementor-icon-list-icon\">\n\t\t\t\t\t\t\t<i aria-hidden=\"true\" class=\"rtmicon rtmicon-circle-check\"><\/i>\t\t\t\t\t\t<\/span>\n\t\t\t\t\t\t\t\t\t\t<span class=\"elementor-icon-list-text\">Cancela en cualquier momento<\/span>\n\t\t\t\t\t\t\t\t\t<\/li>\n\t\t\t\t\t\t<\/ul>\n\t\t\t\t\t\t<\/div>\n\t\t\t\t<div class=\"elementor-element elementor-element-6dc10f9b elementor-widget elementor-widget-premium-woo-cta\" data-id=\"6dc10f9b\" data-element_type=\"widget\" data-e-type=\"widget\" data-widget_type=\"premium-woo-cta.default\">\n\t\t\t\t<div class=\"elementor-widget-container\">\n\t\t\t\t\t\r\n\t\t<div class=\"pa-woo-cta-widget premium-wrapper-woo-cta\" id=\"pa-woo-cta-widget-6dc10f9b\" >\r\n\t\t\t\t\t\t\t\t\t\t\t\t\r\n\t\t\t\t\t\t\t\t\r\n\t\t\t<div class='pa-wrapper-container'>\r\n\t\t\t<div class='premium-woo-btn-container'>\r\n\r\n\t\t\t\t\r\n\t\t\t\t\t\t\t\t<div class=\"quantity-input-wrapper\">\r\n\t\t\t\t\t<input type=\"number\" class=\"product-quantity\"  value=\"1\" min=\"1\" max=\"\"  aria-label=\"Product quantity\">\r\n\t\t\t\t\t\t<div class=\"add-to-cart-icons-quantity-wrapper\">\r\n\t\t\t\t\t\t\t<i type=\"button\" class=\"fas fa-plus quantity-button plus\" aria-hidden=\"true\"><\/i>\r\n\t\t\t\t\t\t\t<i type=\"button\" class=\"fas fa-minus quantity-button minus\" aria-hidden=\"true\"><\/i>\r\n\t\t\t\t\t\t<\/div>\r\n\t\t\t\t<\/div>\r\n\t\t\t\t\t\t\t<button class=\"premium-button-none  premium-woo-cta-button premium-button-none  premium-btn-lg\" id=\"woo-cta-btn-6dc10f9b\" data-product-id=\"257915\" data-actions=\"add_to_cart\" data-product-type=\"simple\" data-external-url=\"\" data-redirect-to-cart=\"yes\" >\r\n\t\t\t\t\t\t\t\t\t\t\t\t\t<div class=\"premium-button-text-icon-wrapper\">\r\n\t\t\t\t\t\t<span class=\"premium-woo-btn-text\">\r\n\t\t\t\t\t\t\tA\u00f1adir\r\n\t\t\t\t\t\t<\/span>\r\n\t\t\t\t\t<\/div>\r\n\t\t\t\t\t\t\t\t\r\n\t\t\t\t\r\n\t\t\t<\/button>\r\n\t\t\t\t<div class=\"premium-woo-cta__spinner\"><\/div>\r\n\t\t\t<\/div>\r\n\r\n\t\t\t<\/div>\r\n\t\t\t\r\n\t\t<\/div>\r\n\r\n\t\t\t\t\t\t<\/div>\n\t\t\t\t<\/div>\n\t\t\t\t<\/div>\n\t\t<div class=\"elementor-element elementor-element-2992e84d e-con-full rtmkit-blur-effect-enabled e-flex wpr-particle-no wpr-jarallax-no wpr-parallax-no wpr-sticky-section-no e-con e-child\" data-id=\"2992e84d\" data-element_type=\"container\" data-e-type=\"container\" data-settings=\"{&quot;background_background&quot;:&quot;gradient&quot;}\">\n\t\t<div class=\"elementor-element elementor-element-601fd18e e-con-full e-flex wpr-particle-no wpr-jarallax-no wpr-parallax-no wpr-sticky-section-no e-con e-child\" data-id=\"601fd18e\" data-element_type=\"container\" data-e-type=\"container\">\n\t\t\t\t<div class=\"elementor-element elementor-element-3e30dcef elementor-widget elementor-widget-heading\" data-id=\"3e30dcef\" data-element_type=\"widget\" data-e-type=\"widget\" data-widget_type=\"heading.default\">\n\t\t\t\t\t<h5 class=\"elementor-heading-title elementor-size-default\">Plan trimestral<\/h5>\t\t\t\t<\/div>\n\t\t\t\t<div class=\"elementor-element elementor-element-46903128 elementor-widget elementor-widget-heading\" data-id=\"46903128\" data-element_type=\"widget\" data-e-type=\"widget\" data-widget_type=\"heading.default\">\n\t\t\t\t\t<p class=\"elementor-heading-title elementor-size-default\">Plan Popular<\/p>\t\t\t\t<\/div>\n\t\t\t\t<\/div>\n\t\t<div class=\"elementor-element elementor-element-6e9596b4 e-con-full e-flex wpr-particle-no wpr-jarallax-no wpr-parallax-no wpr-sticky-section-no e-con e-child\" data-id=\"6e9596b4\" data-element_type=\"container\" data-e-type=\"container\">\n\t\t\t\t<div class=\"elementor-element elementor-element-739a25b2 elementor-widget elementor-widget-heading\" data-id=\"739a25b2\" data-element_type=\"widget\" data-e-type=\"widget\" data-widget_type=\"heading.default\">\n\t\t\t\t\t<h2 class=\"elementor-heading-title elementor-size-default\">125 USD<\/h2>\t\t\t\t<\/div>\n\t\t\t\t<div class=\"elementor-element elementor-element-44692b65 elementor-widget elementor-widget-heading\" data-id=\"44692b65\" data-element_type=\"widget\" data-e-type=\"widget\" data-widget_type=\"heading.default\">\n\t\t\t\t\t<h6 class=\"elementor-heading-title elementor-size-default\">\/ cada 3 meses\n<\/h6>\t\t\t\t<\/div>\n\t\t\t\t<\/div>\n\t\t\t\t<div class=\"elementor-element elementor-element-1d28ce2 elementor-icon-list--layout-traditional elementor-list-item-link-full_width elementor-widget elementor-widget-icon-list\" data-id=\"1d28ce2\" data-element_type=\"widget\" data-e-type=\"widget\" data-widget_type=\"icon-list.default\">\n\t\t\t\t\t\t\t<ul class=\"elementor-icon-list-items\">\n\t\t\t\t\t\t\t<li class=\"elementor-icon-list-item\">\n\t\t\t\t\t\t\t\t\t\t\t<span class=\"elementor-icon-list-icon\">\n\t\t\t\t\t\t\t<i aria-hidden=\"true\" class=\"rtmicon rtmicon-circle-check\"><\/i>\t\t\t\t\t\t<\/span>\n\t\t\t\t\t\t\t\t\t\t<span class=\"elementor-icon-list-text\">Informe estrat\u00e9gico quincenal (PDF) incluido<\/span>\n\t\t\t\t\t\t\t\t\t<\/li>\n\t\t\t\t\t\t\t\t<li class=\"elementor-icon-list-item\">\n\t\t\t\t\t\t\t\t\t\t\t<span class=\"elementor-icon-list-icon\">\n\t\t\t\t\t\t\t<i aria-hidden=\"true\" class=\"rtmicon rtmicon-circle-check\"><\/i>\t\t\t\t\t\t<\/span>\n\t\t\t\t\t\t\t\t\t\t<span class=\"elementor-icon-list-text\">Asistencia prioritaria<\/span>\n\t\t\t\t\t\t\t\t\t<\/li>\n\t\t\t\t\t\t\t\t<li class=\"elementor-icon-list-item\">\n\t\t\t\t\t\t\t\t\t\t\t<span class=\"elementor-icon-list-icon\">\n\t\t\t\t\t\t\t<i aria-hidden=\"true\" class=\"rtmicon rtmicon-circle-check\"><\/i>\t\t\t\t\t\t<\/span>\n\t\t\t\t\t\t\t\t\t\t<span class=\"elementor-icon-list-text\">Servicios de asesor\u00eda y consultor\u00eda v\u00eda videollamada en temas de defensa y seguridad<\/span>\n\t\t\t\t\t\t\t\t\t<\/li>\n\t\t\t\t\t\t\t\t<li class=\"elementor-icon-list-item\">\n\t\t\t\t\t\t\t\t\t\t\t<span class=\"elementor-icon-list-icon\">\n\t\t\t\t\t\t\t<i aria-hidden=\"true\" class=\"rtmicon rtmicon-circle-check\"><\/i>\t\t\t\t\t\t<\/span>\n\t\t\t\t\t\t\t\t\t\t<span class=\"elementor-icon-list-text\">Acceso al dossier de publicaciones: <br> - Anuario Argentina\/Brasil <br> - Observatorio de Capacidades de Am\u00e9rica Latina e Ib\u00e9rica <br> - Anuario de Ferias Internacionales <\/span>\n\t\t\t\t\t\t\t\t\t<\/li>\n\t\t\t\t\t\t\t\t<li class=\"elementor-icon-list-item\">\n\t\t\t\t\t\t\t\t\t\t\t<span class=\"elementor-icon-list-icon\">\n\t\t\t\t\t\t\t<i aria-hidden=\"true\" class=\"rtmicon rtmicon-circle-check\"><\/i>\t\t\t\t\t\t<\/span>\n\t\t\t\t\t\t\t\t\t\t<span class=\"elementor-icon-list-text\">Cancela en cualquier momento<\/span>\n\t\t\t\t\t\t\t\t\t<\/li>\n\t\t\t\t\t\t<\/ul>\n\t\t\t\t\t\t<\/div>\n\t\t\t\t<div class=\"elementor-element elementor-element-27669054 elementor-widget elementor-widget-premium-woo-cta\" data-id=\"27669054\" data-element_type=\"widget\" data-e-type=\"widget\" data-widget_type=\"premium-woo-cta.default\">\n\t\t\t\t<div class=\"elementor-widget-container\">\n\t\t\t\t\t\r\n\t\t<div class=\"pa-woo-cta-widget premium-wrapper-woo-cta\" id=\"pa-woo-cta-widget-27669054\" >\r\n\t\t\t\t\t\t\t\t\t\t\t\t\r\n\t\t\t\t\t\t\t\t\r\n\t\t\t<div class='pa-wrapper-container'>\r\n\t\t\t<div class='premium-woo-btn-container'>\r\n\r\n\t\t\t\t\r\n\t\t\t\t\t\t\t\t<div class=\"quantity-input-wrapper\">\r\n\t\t\t\t\t<input type=\"number\" class=\"product-quantity\"  value=\"1\" min=\"1\" max=\"\"  aria-label=\"Product quantity\">\r\n\t\t\t\t\t\t<div class=\"add-to-cart-icons-quantity-wrapper\">\r\n\t\t\t\t\t\t\t<i type=\"button\" class=\"fas fa-plus quantity-button plus\" aria-hidden=\"true\"><\/i>\r\n\t\t\t\t\t\t\t<i type=\"button\" class=\"fas fa-minus quantity-button minus\" aria-hidden=\"true\"><\/i>\r\n\t\t\t\t\t\t<\/div>\r\n\t\t\t\t<\/div>\r\n\t\t\t\t\t\t\t<button class=\"premium-button-none  premium-woo-cta-button premium-button-none  premium-btn-lg\" id=\"woo-cta-btn-27669054\" data-product-id=\"257914\" data-actions=\"add_to_cart\" data-product-type=\"simple\" data-external-url=\"\" data-redirect-to-cart=\"yes\" >\r\n\t\t\t\t\t\t\t\t\t\t\t\t\t<div class=\"premium-button-text-icon-wrapper\">\r\n\t\t\t\t\t\t<span class=\"premium-woo-btn-text\">\r\n\t\t\t\t\t\t\tA\u00f1adir\r\n\t\t\t\t\t\t<\/span>\r\n\t\t\t\t\t<\/div>\r\n\t\t\t\t\t\t\t\t\r\n\t\t\t\t\r\n\t\t\t<\/button>\r\n\t\t\t\t<div class=\"premium-woo-cta__spinner\"><\/div>\r\n\t\t\t<\/div>\r\n\r\n\t\t\t<\/div>\r\n\t\t\t\r\n\t\t<\/div>\r\n\r\n\t\t\t\t\t\t<\/div>\n\t\t\t\t<\/div>\n\t\t\t\t<\/div>\n\t\t<div class=\"elementor-element elementor-element-6227a945 e-con-full rtmkit-blur-effect-enabled e-flex wpr-particle-no wpr-jarallax-no wpr-parallax-no wpr-sticky-section-no e-con e-child\" data-id=\"6227a945\" data-element_type=\"container\" data-e-type=\"container\" data-settings=\"{&quot;background_background&quot;:&quot;classic&quot;}\">\n\t\t\t\t<div class=\"elementor-element elementor-element-67c8a51e elementor-widget elementor-widget-heading\" data-id=\"67c8a51e\" data-element_type=\"widget\" data-e-type=\"widget\" data-widget_type=\"heading.default\">\n\t\t\t\t\t<h5 class=\"elementor-heading-title elementor-size-default\">Plan mensual<\/h5>\t\t\t\t<\/div>\n\t\t<div class=\"elementor-element elementor-element-4f1e9640 e-con-full e-flex wpr-particle-no wpr-jarallax-no wpr-parallax-no wpr-sticky-section-no e-con e-child\" data-id=\"4f1e9640\" data-element_type=\"container\" data-e-type=\"container\">\n\t\t\t\t<div class=\"elementor-element elementor-element-7b85303 elementor-widget elementor-widget-heading\" data-id=\"7b85303\" data-element_type=\"widget\" data-e-type=\"widget\" data-widget_type=\"heading.default\">\n\t\t\t\t\t<h2 class=\"elementor-heading-title elementor-size-default\">50 USD<\/h2>\t\t\t\t<\/div>\n\t\t\t\t<div class=\"elementor-element elementor-element-12dda06c elementor-widget elementor-widget-heading\" data-id=\"12dda06c\" data-element_type=\"widget\" data-e-type=\"widget\" data-widget_type=\"heading.default\">\n\t\t\t\t\t<h6 class=\"elementor-heading-title elementor-size-default\">\/ per month<\/h6>\t\t\t\t<\/div>\n\t\t\t\t<\/div>\n\t\t\t\t<div class=\"elementor-element elementor-element-305b5b7 elementor-icon-list--layout-traditional elementor-list-item-link-full_width elementor-widget elementor-widget-icon-list\" data-id=\"305b5b7\" data-element_type=\"widget\" data-e-type=\"widget\" data-widget_type=\"icon-list.default\">\n\t\t\t\t\t\t\t<ul class=\"elementor-icon-list-items\">\n\t\t\t\t\t\t\t<li class=\"elementor-icon-list-item\">\n\t\t\t\t\t\t\t\t\t\t\t<span class=\"elementor-icon-list-icon\">\n\t\t\t\t\t\t\t<i aria-hidden=\"true\" class=\"rtmicon rtmicon-circle-check\"><\/i>\t\t\t\t\t\t<\/span>\n\t\t\t\t\t\t\t\t\t\t<span class=\"elementor-icon-list-text\">Informe mensual (PDF) incluido<\/span>\n\t\t\t\t\t\t\t\t\t<\/li>\n\t\t\t\t\t\t\t\t<li class=\"elementor-icon-list-item\">\n\t\t\t\t\t\t\t\t\t\t\t<span class=\"elementor-icon-list-icon\">\n\t\t\t\t\t\t\t<i aria-hidden=\"true\" class=\"rtmicon rtmicon-circle-check\"><\/i>\t\t\t\t\t\t<\/span>\n\t\t\t\t\t\t\t\t\t\t<span class=\"elementor-icon-list-text\">Acceso al dossier de publicaciones: <br> - Anuario Argentina\/Brasil <br> - Observatorio de Capacidades de Am\u00e9rica Latina e Ib\u00e9rica <br> - Anuario de Ferias Internacionales <\/span>\n\t\t\t\t\t\t\t\t\t<\/li>\n\t\t\t\t\t\t\t\t<li class=\"elementor-icon-list-item\">\n\t\t\t\t\t\t\t\t\t\t\t<span class=\"elementor-icon-list-icon\">\n\t\t\t\t\t\t\t<i aria-hidden=\"true\" class=\"rtmicon rtmicon-circle-check\"><\/i>\t\t\t\t\t\t<\/span>\n\t\t\t\t\t\t\t\t\t\t<span class=\"elementor-icon-list-text\">Cancela en cualquier momento<\/span>\n\t\t\t\t\t\t\t\t\t<\/li>\n\t\t\t\t\t\t<\/ul>\n\t\t\t\t\t\t<\/div>\n\t\t\t\t<div class=\"elementor-element elementor-element-43e005f4 elementor-widget elementor-widget-premium-woo-cta\" data-id=\"43e005f4\" data-element_type=\"widget\" data-e-type=\"widget\" data-widget_type=\"premium-woo-cta.default\">\n\t\t\t\t<div class=\"elementor-widget-container\">\n\t\t\t\t\t\r\n\t\t<div class=\"pa-woo-cta-widget premium-wrapper-woo-cta\" id=\"pa-woo-cta-widget-43e005f4\" >\r\n\t\t\t\t\t\t\t\t\t\t\t\t\r\n\t\t\t\t\t\t\t\t\r\n\t\t\t<div class='pa-wrapper-container'>\r\n\t\t\t<div class='premium-woo-btn-container'>\r\n\r\n\t\t\t\t\r\n\t\t\t\t\t\t\t\t<div class=\"quantity-input-wrapper\">\r\n\t\t\t\t\t<input type=\"number\" class=\"product-quantity\"  value=\"1\" min=\"1\" max=\"\"  aria-label=\"Product quantity\">\r\n\t\t\t\t\t\t<div class=\"add-to-cart-icons-quantity-wrapper\">\r\n\t\t\t\t\t\t\t<i type=\"button\" class=\"fas fa-plus quantity-button plus\" aria-hidden=\"true\"><\/i>\r\n\t\t\t\t\t\t\t<i type=\"button\" class=\"fas fa-minus quantity-button minus\" aria-hidden=\"true\"><\/i>\r\n\t\t\t\t\t\t<\/div>\r\n\t\t\t\t<\/div>\r\n\t\t\t\t\t\t\t<button class=\"premium-button-none  premium-woo-cta-button premium-button-none  premium-btn-lg\" id=\"woo-cta-btn-43e005f4\" data-product-id=\"257913\" data-actions=\"add_to_cart\" data-product-type=\"simple\" data-external-url=\"\" data-redirect-to-cart=\"yes\" >\r\n\t\t\t\t\t\t\t\t\t\t\t\t\t<div class=\"premium-button-text-icon-wrapper\">\r\n\t\t\t\t\t\t<span class=\"premium-woo-btn-text\">\r\n\t\t\t\t\t\t\tA\u00f1adir\r\n\t\t\t\t\t\t<\/span>\r\n\t\t\t\t\t<\/div>\r\n\t\t\t\t\t\t\t\t\r\n\t\t\t\t\r\n\t\t\t<\/button>\r\n\t\t\t\t<div class=\"premium-woo-cta__spinner\"><\/div>\r\n\t\t\t<\/div>\r\n\r\n\t\t\t<\/div>\r\n\t\t\t\r\n\t\t<\/div>\r\n\r\n\t\t\t\t\t\t<\/div>\n\t\t\t\t<\/div>\n\t\t\t\t<\/div>\n\t\t\t\t<\/div>\n\t\t\t\t<div class=\"elementor-element elementor-element-7e6eecbe elementor-widget elementor-widget-spacer\" data-id=\"7e6eecbe\" data-element_type=\"widget\" data-e-type=\"widget\" data-widget_type=\"spacer.default\">\n\t\t\t\t\t\t\t<div class=\"elementor-spacer\">\n\t\t\t<div class=\"elementor-spacer-inner\"><\/div>\n\t\t<\/div>\n\t\t\t\t\t\t<\/div>\n\t\t\t\t\t<\/div>\n\t\t\t\t<\/div>\n\t\t\t\t<\/div>","protected":false},"excerpt":{"rendered":"<p>SUBSCRIPTIONS StratBridge Subscription Plans HOME &#8211; SUBSCRIPTIONS SUBSCRIPTIONS PLANS The perfect plan for your needs StratBridge offers a professional platform that centralizes key defense information in Latin America: investment priorities, modernization programs, industrial partners, acquisitions, and emerging projects. Everything is structured within a precise, easy-to-use analytical interface.Our subscription plans provide full access to verified intelligence, continuous updates, and tools designed to support strategic analysis and decision-making Semiannual Plan USD 250 \/ every 6 months Weekly strategic report (PDF) included Premium support Complete access to our intel dashboard Advisory and consulting services via video-call on defense and security issues StratBridge\u00b4s exclusive articles access Publications dossier access: &#8211; Argentina\/Brazil Yearbook &#8211; Latin American and Iberian Capabilities Observatory &#8211; International Trade Fair Yearbook Cancel anytime Add to Cart Quarterly Plan Popular-Plan USD 125 \/ every 3 months Biweekly strategic report (PDF) included Priority support Advisory and consulting services via video-call on defense and security issues Publications dossier access: &#8211; Argentina\/Brazil Yearbook &#8211; Latin American and Iberian Capabilities Observatory &#8211; International Trade Fair Yearbook Cancel anytime Add to Cart Monthly Plan USD 50 \/ per month Monthly report (PDF) included Publications dossier access: &#8211; Argentina\/Brazil Yearbook &#8211; Latin American and Iberian Capabilities Observatory &#8211; International Trade Fair Yearbook Cancel anytime Add to Cart<\/p>","protected":false},"author":3,"featured_media":0,"parent":0,"menu_order":0,"comment_status":"closed","ping_status":"closed","template":"elementor_header_footer","meta":{"footnotes":""},"class_list":["post-258569","page","type-page","status-publish","hentry"],"jetpack_sharing_enabled":true,"_links":{"self":[{"href":"https:\/\/www.stratbridge.net\/es\/wp-json\/wp\/v2\/pages\/258569","targetHints":{"allow":["GET"]}}],"collection":[{"href":"https:\/\/www.stratbridge.net\/es\/wp-json\/wp\/v2\/pages"}],"about":[{"href":"https:\/\/www.stratbridge.net\/es\/wp-json\/wp\/v2\/types\/page"}],"author":[{"embeddable":true,"href":"https:\/\/www.stratbridge.net\/es\/wp-json\/wp\/v2\/users\/3"}],"replies":[{"embeddable":true,"href":"https:\/\/www.stratbridge.net\/es\/wp-json\/wp\/v2\/comments?post=258569"}],"version-history":[{"count":31,"href":"https:\/\/www.stratbridge.net\/es\/wp-json\/wp\/v2\/pages\/258569\/revisions"}],"predecessor-version":[{"id":259496,"href":"https:\/\/www.stratbridge.net\/es\/wp-json\/wp\/v2\/pages\/258569\/revisions\/259496"}],"wp:attachment":[{"href":"https:\/\/www.stratbridge.net\/es\/wp-json\/wp\/v2\/media?parent=258569"}],"curies":[{"name":"wp","href":"https:\/\/api.w.org\/{rel}","templated":true}]}}